{"id":9,"date":"2023-01-12T16:46:50","date_gmt":"2023-01-12T16:46:50","guid":{"rendered":"https:\/\/iefranciscomolinasanchez.edu.co\/blog\/?page_id=9"},"modified":"2025-06-25T15:06:52","modified_gmt":"2025-06-25T15:06:52","slug":"elementor-9","status":"publish","type":"page","link":"https:\/\/iefranciscomolinasanchez.edu.co\/blog\/","title":{"rendered":"Index"},"content":{"rendered":"\t\t<div data-elementor-type=\"wp-post\" data-elementor-id=\"9\" class=\"elementor elementor-9\">\n\t\t\t\t\t\t<section class=\"elementor-section elementor-top-section elementor-element elementor-element-82549b2 elementor-section-boxed elementor-section-height-default elementor-section-height-default\" data-id=\"82549b2\" data-element_type=\"section\" data-e-type=\"section\">\n\t\t\t\t\t\t<div class=\"elementor-container elementor-column-gap-default\">\n\t\t\t\t\t<div class=\"elementor-column elementor-col-33 elementor-top-column elementor-element elementor-element-7980128\" data-id=\"7980128\" data-element_type=\"column\" data-e-type=\"column\">\n\t\t\t<div class=\"elementor-widget-wrap elementor-element-populated\">\n\t\t\t\t\t\t<div class=\"elementor-element elementor-element-822bcda elementor-widget elementor-widget-image\" data-id=\"822bcda\" data-element_type=\"widget\" data-e-type=\"widget\" data-widget_type=\"image.default\">\n\t\t\t\t<div class=\"elementor-widget-container\">\n\t\t\t\t\t\t\t\t\t\t\t\t\t\t\t<img decoding=\"async\" src=\"https:\/\/iefranciscomolinasanchez.edu.co\/blog\/wp-content\/uploads\/elementor\/thumbs\/Escudo_2025-r0qr6shk4mslnlso4u59soy48bnsvfjjrt3nefh7bk.jpeg\" title=\"Escudo_2025\" alt=\"Escudo_2025\" loading=\"lazy\" \/>\t\t\t\t\t\t\t\t\t\t\t\t\t\t\t<\/div>\n\t\t\t\t<\/div>\n\t\t\t\t\t<\/div>\n\t\t<\/div>\n\t\t\t\t<div class=\"elementor-column elementor-col-66 elementor-top-column elementor-element elementor-element-6f6f5fa\" data-id=\"6f6f5fa\" data-element_type=\"column\" data-e-type=\"column\">\n\t\t\t<div class=\"elementor-widget-wrap elementor-element-populated\">\n\t\t\t\t\t\t<div class=\"elementor-element elementor-element-7f136c0 elementor-widget elementor-widget-heading\" data-id=\"7f136c0\" data-element_type=\"widget\" data-e-type=\"widget\" data-widget_type=\"heading.default\">\n\t\t\t\t<div class=\"elementor-widget-container\">\n\t\t\t\t\t<h2 class=\"elementor-heading-title elementor-size-default\">Francisco Molina S\u00e1nchez<\/h2>\t\t\t\t<\/div>\n\t\t\t\t<\/div>\n\t\t\t\t<div class=\"elementor-element elementor-element-269bd0d elementor-widget elementor-widget-heading\" data-id=\"269bd0d\" data-element_type=\"widget\" data-e-type=\"widget\" data-widget_type=\"heading.default\">\n\t\t\t\t<div class=\"elementor-widget-container\">\n\t\t\t\t\t<h1 class=\"elementor-heading-title elementor-size-default\">Instituci\u00f3n Educativa<\/h1>\t\t\t\t<\/div>\n\t\t\t\t<\/div>\n\t\t\t\t\t<\/div>\n\t\t<\/div>\n\t\t\t\t\t<\/div>\n\t\t<\/section>\n\t\t\t\t<section class=\"elementor-section elementor-top-section elementor-element elementor-element-26a662e elementor-section-boxed elementor-section-height-default elementor-section-height-default\" data-id=\"26a662e\" data-element_type=\"section\" data-e-type=\"section\">\n\t\t\t\t\t\t<div class=\"elementor-container elementor-column-gap-default\">\n\t\t\t\t\t<div class=\"elementor-column elementor-col-100 elementor-top-column elementor-element elementor-element-53b14d3\" data-id=\"53b14d3\" data-element_type=\"column\" data-e-type=\"column\">\n\t\t\t<div class=\"elementor-widget-wrap elementor-element-populated\">\n\t\t\t\t\t\t<div class=\"elementor-element elementor-element-947435d elementor-widget elementor-widget-image\" data-id=\"947435d\" data-element_type=\"widget\" data-e-type=\"widget\" data-widget_type=\"image.default\">\n\t\t\t\t<div class=\"elementor-widget-container\">\n\t\t\t\t\t\t\t\t\t\t\t\t\t\t\t<img decoding=\"async\" src=\"https:\/\/iefranciscomolinasanchez.edu.co\/blog\/wp-content\/uploads\/2025\/01\/Photoroom_20250119_122115.png\" title=\"Photoroom_20250119_122115\" alt=\"Photoroom_20250119_122115\" loading=\"lazy\" \/>\t\t\t\t\t\t\t\t\t\t\t\t\t\t\t<\/div>\n\t\t\t\t<\/div>\n\t\t\t\t\t<\/div>\n\t\t<\/div>\n\t\t\t\t\t<\/div>\n\t\t<\/section>\n\t\t\t\t<section class=\"elementor-section elementor-top-section elementor-element elementor-element-74c46c8 elementor-section-boxed elementor-section-height-default elementor-section-height-default\" data-id=\"74c46c8\" data-element_type=\"section\" data-e-type=\"section\">\n\t\t\t\t\t\t<div class=\"elementor-container elementor-column-gap-default\">\n\t\t\t\t\t<div class=\"elementor-column elementor-col-100 elementor-top-column elementor-element elementor-element-65b88da\" data-id=\"65b88da\" data-element_type=\"column\" data-e-type=\"column\">\n\t\t\t<div class=\"elementor-widget-wrap elementor-element-populated\">\n\t\t\t\t\t\t<div class=\"elementor-element elementor-element-77a3114 eael-dual-header-content-align-center elementor-widget elementor-widget-eael-dual-color-header\" data-id=\"77a3114\" data-element_type=\"widget\" data-e-type=\"widget\" data-widget_type=\"eael-dual-color-header.default\">\n\t\t\t\t<div class=\"elementor-widget-container\">\n\t\t\t\t\t\t\t\t<div class=\"eael-dual-header\">\n\t\t\t\t<h2 class=\"title eael-dch-title\"><span class=\"eael-dch-title-text eael-dch-title-lead lead solid-color\">A\u00f1o lectivo<\/span> <span class=\"eael-dch-title-text\">2025<\/span><\/h2>\t\t\t\t\t<span class=\"subtext\"><p style=\"text-align: center\"><strong>\u00abEstimada comunidad educativa:<\/strong><\/p><p style=\"text-align: left\">\u00a1Sean todos bienvenidos a un nuevo a\u00f1o escolar! Es un honor darles la bienvenida a este espacio donde juntos construiremos conocimiento, fomentaremos la amistad y creceremos como personas. A nuestros estudiantes, les deseamos un a\u00f1o lleno de aprendizajes significativos y nuevas experiencias. A nuestros padres de familia, agradecemos su confianza y compromiso. A nuestros docentes, les reconocemos su invaluable labor en la formaci\u00f3n de nuestros estudiantes. Y a nuestro equipo administrativo, gracias por su dedicaci\u00f3n y apoyo. \u00a1Trabajemos juntos para hacer de este a\u00f1o escolar un \u00e9xito!\u00bb<\/p><\/span>\n\t\t\t\t\t\t\t<\/div>\n\n\t\t\t\t\t\t<\/div>\n\t\t\t\t<\/div>\n\t\t\t\t<div class=\"elementor-element elementor-element-fa0382d elementor-widget elementor-widget-image\" data-id=\"fa0382d\" data-element_type=\"widget\" data-e-type=\"widget\" data-widget_type=\"image.default\">\n\t\t\t\t<div class=\"elementor-widget-container\">\n\t\t\t\t\t\t\t\t\t\t\t\t\t\t\t<img decoding=\"async\" src=\"https:\/\/drive.google.com\/file\/d\/1h6uQG19266uJWQ0Oyp6o7K9gVpKcZnT3\/view?usp=sharing\" title=\"\" alt=\"\" loading=\"lazy\" \/>\t\t\t\t\t\t\t\t\t\t\t\t\t\t\t<\/div>\n\t\t\t\t<\/div>\n\t\t\t\t\t<\/div>\n\t\t<\/div>\n\t\t\t\t\t<\/div>\n\t\t<\/section>\n\t\t\t\t<section class=\"elementor-section elementor-top-section elementor-element elementor-element-aae916c elementor-section-boxed elementor-section-height-default elementor-section-height-default\" data-id=\"aae916c\" data-element_type=\"section\" data-e-type=\"section\">\n\t\t\t\t\t\t<div class=\"elementor-container elementor-column-gap-default\">\n\t\t\t\t\t<div class=\"elementor-column elementor-col-50 elementor-top-column elementor-element elementor-element-7643ecc\" data-id=\"7643ecc\" data-element_type=\"column\" data-e-type=\"column\">\n\t\t\t<div class=\"elementor-widget-wrap elementor-element-populated\">\n\t\t\t\t\t\t<div class=\"elementor-element elementor-element-aad7627 content-align-cta-default elementor-widget elementor-widget-eael-cta-box\" data-id=\"aad7627\" data-element_type=\"widget\" data-e-type=\"widget\" data-widget_type=\"eael-cta-box.default\">\n\t\t\t\t<div class=\"elementor-widget-container\">\n\t\t\t\t\t\t\t<div class=\"eael-call-to-action cta-basic bg-lite cta-preset-1\">\n        <h2 class=\"title eael-cta-heading\">Institucional<\/h2><p>Consultar horizonte, s\u00edmbolos y documentos institucionales (PEI, SIE, Manual de Convivencia)<\/p><a href=\"https:\/\/iefranciscomolinasanchez.edu.co\/blog\/institucional\/\" target=\"_blank\" class=\"cta-button cta-preset-1  \">Haz clic aqu\u00ed<\/a>\t<\/div>\n\t\t\t\t\t\t\t\t<\/div>\n\t\t\t\t<\/div>\n\t\t\t\t\t<\/div>\n\t\t<\/div>\n\t\t\t\t<div class=\"elementor-column elementor-col-50 elementor-top-column elementor-element elementor-element-34898f9\" data-id=\"34898f9\" data-element_type=\"column\" data-e-type=\"column\">\n\t\t\t<div class=\"elementor-widget-wrap elementor-element-populated\">\n\t\t\t\t\t\t<div class=\"elementor-element elementor-element-f2312bd content-align-cta-default elementor-widget elementor-widget-eael-cta-box\" data-id=\"f2312bd\" data-element_type=\"widget\" data-e-type=\"widget\" data-widget_type=\"eael-cta-box.default\">\n\t\t\t\t<div class=\"elementor-widget-container\">\n\t\t\t\t\t\t\t<div class=\"eael-call-to-action cta-basic bg-lite cta-preset-1\">\n        <h2 class=\"title eael-cta-heading\">A\u00f1o 2025<\/h2><p>Consultar Gesti\u00f3n Educativa, Proyectos Transversales<\/p><a href=\"https:\/\/iefranciscomolinasanchez.edu.co\/blog\/lectivo-2025\/\" target=\"_blank\" class=\"cta-button cta-preset-1  \">Haz clic aqu\u00ed<\/a>\t<\/div>\n\t\t\t\t\t\t\t\t<\/div>\n\t\t\t\t<\/div>\n\t\t\t\t\t<\/div>\n\t\t<\/div>\n\t\t\t\t\t<\/div>\n\t\t<\/section>\n\t\t\t\t<section class=\"elementor-section elementor-top-section elementor-element elementor-element-9d6c787 elementor-section-boxed elementor-section-height-default elementor-section-height-default\" data-id=\"9d6c787\" data-element_type=\"section\" data-e-type=\"section\">\n\t\t\t\t\t\t<div class=\"elementor-container elementor-column-gap-default\">\n\t\t\t\t\t<div class=\"elementor-column elementor-col-100 elementor-top-column elementor-element elementor-element-db9ddf6\" data-id=\"db9ddf6\" data-element_type=\"column\" data-e-type=\"column\">\n\t\t\t<div class=\"elementor-widget-wrap elementor-element-populated\">\n\t\t\t\t\t\t<div class=\"elementor-element elementor-element-e939a8c elementor-widget elementor-widget-heading\" data-id=\"e939a8c\" data-element_type=\"widget\" data-e-type=\"widget\" data-widget_type=\"heading.default\">\n\t\t\t\t<div class=\"elementor-widget-container\">\n\t\t\t\t\t<h2 class=\"elementor-heading-title elementor-size-default\">Servicios<\/h2>\t\t\t\t<\/div>\n\t\t\t\t<\/div>\n\t\t\t\t\t<\/div>\n\t\t<\/div>\n\t\t\t\t\t<\/div>\n\t\t<\/section>\n\t\t\t\t<section class=\"elementor-section elementor-top-section elementor-element elementor-element-e7d04e7 elementor-section-boxed elementor-section-height-default elementor-section-height-default\" data-id=\"e7d04e7\" data-element_type=\"section\" data-e-type=\"section\">\n\t\t\t\t\t\t<div class=\"elementor-container elementor-column-gap-default\">\n\t\t\t\t\t<div class=\"elementor-column elementor-col-50 elementor-top-column elementor-element elementor-element-dab20e9\" data-id=\"dab20e9\" data-element_type=\"column\" data-e-type=\"column\">\n\t\t\t<div class=\"elementor-widget-wrap elementor-element-populated\">\n\t\t\t\t\t\t<div class=\"elementor-element elementor-element-3bbffc8 elementor-widget elementor-widget-image\" data-id=\"3bbffc8\" data-element_type=\"widget\" data-e-type=\"widget\" data-widget_type=\"image.default\">\n\t\t\t\t<div class=\"elementor-widget-container\">\n\t\t\t\t\t\t\t\t\t\t\t\t\t\t\t\t<a href=\"http:\/\/iefranciscomolinasanchez.edu.co\/bytesyletras\/\">\n\t\t\t\t\t\t\t<img decoding=\"async\" src=\"https:\/\/iefranciscomolinasanchez.edu.co\/blog\/wp-content\/uploads\/elementor\/thumbs\/bylimgW-r60ox4vlop3h2lf945ghoha1th2towg1xodz5v5s3c.jpeg\" title=\"bylimgW\" alt=\"bylimgW\" loading=\"lazy\" \/>\t\t\t\t\t\t\t\t<\/a>\n\t\t\t\t\t\t\t\t\t\t\t\t\t\t\t<\/div>\n\t\t\t\t<\/div>\n\t\t\t\t\t<\/div>\n\t\t<\/div>\n\t\t\t\t<div class=\"elementor-column elementor-col-50 elementor-top-column elementor-element elementor-element-2879bf1\" data-id=\"2879bf1\" data-element_type=\"column\" data-e-type=\"column\">\n\t\t\t<div class=\"elementor-widget-wrap elementor-element-populated\">\n\t\t\t\t\t\t<div class=\"elementor-element elementor-element-a4b74ee elementor-widget elementor-widget-image\" data-id=\"a4b74ee\" data-element_type=\"widget\" data-e-type=\"widget\" data-widget_type=\"image.default\">\n\t\t\t\t<div class=\"elementor-widget-container\">\n\t\t\t\t\t\t\t\t\t\t\t\t\t\t\t\t<a href=\"https:\/\/iefranciscomolinasanchez.edu.co\/aulavirtual\/\" target=\"_blank\">\n\t\t\t\t\t\t\t<img decoding=\"async\" src=\"https:\/\/iefranciscomolinasanchez.edu.co\/blog\/wp-content\/uploads\/elementor\/thumbs\/Gemini_Generated_Image_97z89j97z89j97z8-r7u0i4fmh2dixu9fr168dsf7qseqjokkj78t0slzlk.png\" title=\"Gemini_Generated_Image_97z89j97z89j97z8\" alt=\"Gemini_Generated_Image_97z89j97z89j97z8\" loading=\"lazy\" \/>\t\t\t\t\t\t\t\t<\/a>\n\t\t\t\t\t\t\t\t\t\t\t\t\t\t\t<\/div>\n\t\t\t\t<\/div>\n\t\t\t\t\t<\/div>\n\t\t<\/div>\n\t\t\t\t\t<\/div>\n\t\t<\/section>\n\t\t\t\t<section class=\"elementor-section elementor-top-section elementor-element elementor-element-4bc72b1 elementor-section-boxed elementor-section-height-default elementor-section-height-default\" data-id=\"4bc72b1\" data-element_type=\"section\" data-e-type=\"section\">\n\t\t\t\t\t\t<div class=\"elementor-container elementor-column-gap-default\">\n\t\t\t\t\t<div class=\"elementor-column elementor-col-25 elementor-top-column elementor-element elementor-element-3f25dd1\" data-id=\"3f25dd1\" data-element_type=\"column\" data-e-type=\"column\">\n\t\t\t<div class=\"elementor-widget-wrap elementor-element-populated\">\n\t\t\t\t\t\t<div class=\"elementor-element elementor-element-0361d48 elementor-widget elementor-widget-image\" data-id=\"0361d48\" data-element_type=\"widget\" data-e-type=\"widget\" data-widget_type=\"image.default\">\n\t\t\t\t<div class=\"elementor-widget-container\">\n\t\t\t\t\t\t\t\t\t\t\t\t\t\t\t\t<a href=\"https:\/\/iefranciscomolinasanchez.edu.co\/25colframs\/\" target=\"_blank\">\n\t\t\t\t\t\t\t<img decoding=\"async\" src=\"https:\/\/iefranciscomolinasanchez.edu.co\/blog\/wp-content\/uploads\/elementor\/thumbs\/Gemini_Generated_Image_536pel536pel536p-r7tz06h24ynjjbjaqfj4xi62edpo2fao4dix4a74l4.png\" title=\"Gemini_Generated_Image_536pel536pel536p\" alt=\"Gemini_Generated_Image_536pel536pel536p\" loading=\"lazy\" \/>\t\t\t\t\t\t\t\t<\/a>\n\t\t\t\t\t\t\t\t\t\t\t\t\t\t\t<\/div>\n\t\t\t\t<\/div>\n\t\t\t\t\t<\/div>\n\t\t<\/div>\n\t\t\t\t<div class=\"elementor-column elementor-col-25 elementor-top-column elementor-element elementor-element-890e80b\" data-id=\"890e80b\" data-element_type=\"column\" data-e-type=\"column\">\n\t\t\t<div class=\"elementor-widget-wrap elementor-element-populated\">\n\t\t\t\t\t\t<div class=\"elementor-element elementor-element-db02dd3 elementor-widget elementor-widget-image\" data-id=\"db02dd3\" data-element_type=\"widget\" data-e-type=\"widget\" data-widget_type=\"image.default\">\n\t\t\t\t<div class=\"elementor-widget-container\">\n\t\t\t\t\t\t\t\t\t\t\t\t\t\t\t\t<a href=\"https:\/\/iefranciscomolinasanchez.edu.co\/examenes\/\">\n\t\t\t\t\t\t\t<img decoding=\"async\" src=\"https:\/\/iefranciscomolinasanchez.edu.co\/blog\/wp-content\/uploads\/elementor\/thumbs\/Gemini_Generated_Image_g9qbeeg9qbeeg9qb-r7tzi8xdibdyphah88oyuy11h0no0z0x9syx7reozc.png\" title=\"Gemini_Generated_Image_g9qbeeg9qbeeg9qb\" alt=\"Gemini_Generated_Image_g9qbeeg9qbeeg9qb\" loading=\"lazy\" \/>\t\t\t\t\t\t\t\t<\/a>\n\t\t\t\t\t\t\t\t\t\t\t\t\t\t\t<\/div>\n\t\t\t\t<\/div>\n\t\t\t\t\t<\/div>\n\t\t<\/div>\n\t\t\t\t<div class=\"elementor-column elementor-col-25 elementor-top-column elementor-element elementor-element-053b5f7\" data-id=\"053b5f7\" data-element_type=\"column\" data-e-type=\"column\">\n\t\t\t<div class=\"elementor-widget-wrap elementor-element-populated\">\n\t\t\t\t\t\t<div class=\"elementor-element elementor-element-0eb21b0 elementor-widget elementor-widget-image\" data-id=\"0eb21b0\" data-element_type=\"widget\" data-e-type=\"widget\" data-widget_type=\"image.default\">\n\t\t\t\t<div class=\"elementor-widget-container\">\n\t\t\t\t\t\t\t\t\t\t\t\t\t\t\t\t<a href=\"http:\/\/mail.google.com\/a\/iefranciscomolinasanchez.edu.co\" target=\"_blank\">\n\t\t\t\t\t\t\t<img decoding=\"async\" src=\"https:\/\/iefranciscomolinasanchez.edu.co\/blog\/wp-content\/uploads\/elementor\/thumbs\/Gemini_Generated_Image_ak6peeak6peeak6p-r7u00mnriu6l3du3x1dxozy1vbsarndbg9yyb3c7lk.png\" title=\"Gemini_Generated_Image_ak6peeak6peeak6p\" alt=\"Gemini_Generated_Image_ak6peeak6peeak6p\" loading=\"lazy\" \/>\t\t\t\t\t\t\t\t<\/a>\n\t\t\t\t\t\t\t\t\t\t\t\t\t\t\t<\/div>\n\t\t\t\t<\/div>\n\t\t\t\t\t<\/div>\n\t\t<\/div>\n\t\t\t\t<div class=\"elementor-column elementor-col-25 elementor-top-column elementor-element elementor-element-b9ee555\" data-id=\"b9ee555\" data-element_type=\"column\" data-e-type=\"column\">\n\t\t\t<div class=\"elementor-widget-wrap elementor-element-populated\">\n\t\t\t\t\t\t<div class=\"elementor-element elementor-element-cad0e8c elementor-widget elementor-widget-image\" data-id=\"cad0e8c\" data-element_type=\"widget\" data-e-type=\"widget\" data-widget_type=\"image.default\">\n\t\t\t\t<div class=\"elementor-widget-container\">\n\t\t\t\t\t\t\t\t\t\t\t\t\t\t\t\t<a href=\"https:\/\/rrhh.gestionsecretariasdeeducacion.gov.co\/humanoEL\/Ingresar.aspx?Ent=Valledupar\" target=\"_blank\">\n\t\t\t\t\t\t\t<img decoding=\"async\" src=\"https:\/\/iefranciscomolinasanchez.edu.co\/blog\/wp-content\/uploads\/elementor\/thumbs\/Gemini_Generated_Image_5jj7qh5jj7qh5jj7-r7u04uxlz1a2juzk75ntiormxvhwk5cp7mvs0t2vco.png\" title=\"Gemini_Generated_Image_5jj7qh5jj7qh5jj7\" alt=\"Gemini_Generated_Image_5jj7qh5jj7qh5jj7\" loading=\"lazy\" \/>\t\t\t\t\t\t\t\t<\/a>\n\t\t\t\t\t\t\t\t\t\t\t\t\t\t\t<\/div>\n\t\t\t\t<\/div>\n\t\t\t\t\t<\/div>\n\t\t<\/div>\n\t\t\t\t\t<\/div>\n\t\t<\/section>\n\t\t\t\t<section class=\"elementor-section elementor-top-section elementor-element elementor-element-6a33165 elementor-section-boxed elementor-section-height-default elementor-section-height-default\" data-id=\"6a33165\" data-element_type=\"section\" data-e-type=\"section\">\n\t\t\t\t\t\t<div class=\"elementor-container elementor-column-gap-default\">\n\t\t\t\t\t<div class=\"elementor-column elementor-col-100 elementor-top-column elementor-element elementor-element-1a775a2\" data-id=\"1a775a2\" data-element_type=\"column\" data-e-type=\"column\">\n\t\t\t<div class=\"elementor-widget-wrap elementor-element-populated\">\n\t\t\t\t\t\t<div class=\"elementor-element elementor-element-04365b3 elementor-shape-rounded elementor-grid-0 e-grid-align-center elementor-widget elementor-widget-social-icons\" data-id=\"04365b3\" data-element_type=\"widget\" data-e-type=\"widget\" data-widget_type=\"social-icons.default\">\n\t\t\t\t<div class=\"elementor-widget-container\">\n\t\t\t\t\t\t\t<div class=\"elementor-social-icons-wrapper elementor-grid\" role=\"list\">\n\t\t\t\t\t\t\t<span class=\"elementor-grid-item\" role=\"listitem\">\n\t\t\t\t\t<a class=\"elementor-icon elementor-social-icon elementor-social-icon-instagram elementor-repeater-item-607658a\" href=\"https:\/\/www.instagram.com\/francisco_molina_sanchez?igsh=MTRha21wZ213Y2JxZA%3D%3D&#038;utm_source=qr\" target=\"_blank\">\n\t\t\t\t\t\t<span class=\"elementor-screen-only\">Instagram<\/span>\n\t\t\t\t\t\t<i aria-hidden=\"true\" class=\"fab fa-instagram\"><\/i>\t\t\t\t\t<\/a>\n\t\t\t\t<\/span>\n\t\t\t\t\t\t\t<span class=\"elementor-grid-item\" role=\"listitem\">\n\t\t\t\t\t<a class=\"elementor-icon elementor-social-icon elementor-social-icon-facebook elementor-repeater-item-dc535e7\" href=\"https:\/\/www.facebook.com\/profile.php?id=61566456780635&#038;sk=reels_tab&#038;__cft__%5B0%5D=AZXIafqJJPDG1BGvdDPlGylzI1AI-gc8O9gLZFfiIvGriS4gb3iIwTsrRJLmaBuXDmM0eiH8_9uxa0hkCJXFTW7znrd3wCdfYtQGeQXArNxQggQ0A78q_CA-hPFWQKz7hDWm3Qn_pXoIdlkjAqJtRw49LQjBU-C2JzIPcvwSrXfi9w&#038;__tn__=-%5D\" target=\"_blank\">\n\t\t\t\t\t\t<span class=\"elementor-screen-only\">Facebook<\/span>\n\t\t\t\t\t\t<i aria-hidden=\"true\" class=\"fab fa-facebook\"><\/i>\t\t\t\t\t<\/a>\n\t\t\t\t<\/span>\n\t\t\t\t\t\t\t<span class=\"elementor-grid-item\" role=\"listitem\">\n\t\t\t\t\t<a class=\"elementor-icon elementor-social-icon elementor-social-icon-youtube elementor-repeater-item-d9b77d0\" href=\"http:\/\/www.youtube.com\/@bits9434\" target=\"_blank\">\n\t\t\t\t\t\t<span class=\"elementor-screen-only\">Youtube<\/span>\n\t\t\t\t\t\t<i aria-hidden=\"true\" class=\"fab fa-youtube\"><\/i>\t\t\t\t\t<\/a>\n\t\t\t\t<\/span>\n\t\t\t\t\t<\/div>\n\t\t\t\t\t\t<\/div>\n\t\t\t\t<\/div>\n\t\t\t\t\t<\/div>\n\t\t<\/div>\n\t\t\t\t\t<\/div>\n\t\t<\/section>\n\t\t\t\t<\/div>\n\t\t","protected":false},"excerpt":{"rendered":"<p>Francisco Molina S\u00e1nchez Instituci\u00f3n Educativa A\u00f1o lectivo 2025 \u00abEstimada comunidad educativa: \u00a1Sean todos bienvenidos a un nuevo a\u00f1o escolar! Es un honor darles la bienvenida a este espacio donde juntos construiremos conocimiento, fomentaremos la amistad y creceremos como personas. A nuestros estudiantes, les deseamos un a\u00f1o lleno de aprendizajes significativos y nuevas experiencias. A nuestros [&hellip;]<\/p>\n","protected":false},"author":1,"featured_media":0,"parent":0,"menu_order":0,"comment_status":"closed","ping_status":"closed","template":"elementor_header_footer","meta":{"footnotes":""},"class_list":["post-9","page","type-page","status-publish","hentry"],"_links":{"self":[{"href":"https:\/\/iefranciscomolinasanchez.edu.co\/blog\/wp-json\/wp\/v2\/pages\/9","targetHints":{"allow":["GET"]}}],"collection":[{"href":"https:\/\/iefranciscomolinasanchez.edu.co\/blog\/wp-json\/wp\/v2\/pages"}],"about":[{"href":"https:\/\/iefranciscomolinasanchez.edu.co\/blog\/wp-json\/wp\/v2\/types\/page"}],"author":[{"embeddable":true,"href":"https:\/\/iefranciscomolinasanchez.edu.co\/blog\/wp-json\/wp\/v2\/users\/1"}],"replies":[{"embeddable":true,"href":"https:\/\/iefranciscomolinasanchez.edu.co\/blog\/wp-json\/wp\/v2\/comments?post=9"}],"version-history":[{"count":213,"href":"https:\/\/iefranciscomolinasanchez.edu.co\/blog\/wp-json\/wp\/v2\/pages\/9\/revisions"}],"predecessor-version":[{"id":517,"href":"https:\/\/iefranciscomolinasanchez.edu.co\/blog\/wp-json\/wp\/v2\/pages\/9\/revisions\/517"}],"wp:attachment":[{"href":"https:\/\/iefranciscomolinasanchez.edu.co\/blog\/wp-json\/wp\/v2\/media?parent=9"}],"curies":[{"name":"wp","href":"https:\/\/api.w.org\/{rel}","templated":true}]}}