{"id":519,"date":"2026-01-09T13:03:24","date_gmt":"2026-01-09T13:03:24","guid":{"rendered":"https:\/\/iefranciscomolinasanchez.edu.co\/blog\/?page_id=519"},"modified":"2026-01-09T13:03:24","modified_gmt":"2026-01-09T13:03:24","slug":"institucional-2","status":"publish","type":"page","link":"https:\/\/iefranciscomolinasanchez.edu.co\/blog\/institucional-2\/","title":{"rendered":"Institucional26"},"content":{"rendered":"\t\t<div data-elementor-type=\"wp-post\" data-elementor-id=\"519\" class=\"elementor elementor-519\">\n\t\t\t\t\t\t<section class=\"elementor-section elementor-top-section elementor-element elementor-element-82549b2 elementor-section-boxed elementor-section-height-default elementor-section-height-default\" data-id=\"82549b2\" data-element_type=\"section\" data-e-type=\"section\">\n\t\t\t\t\t\t<div class=\"elementor-container elementor-column-gap-default\">\n\t\t\t\t\t<div class=\"elementor-column elementor-col-33 elementor-top-column elementor-element elementor-element-7980128\" data-id=\"7980128\" data-element_type=\"column\" data-e-type=\"column\">\n\t\t\t<div class=\"elementor-widget-wrap elementor-element-populated\">\n\t\t\t\t\t\t<div class=\"elementor-element elementor-element-822bcda elementor-widget elementor-widget-image\" data-id=\"822bcda\" data-element_type=\"widget\" data-e-type=\"widget\" data-widget_type=\"image.default\">\n\t\t\t\t<div class=\"elementor-widget-container\">\n\t\t\t\t\t\t\t\t\t\t\t\t\t\t\t<img decoding=\"async\" src=\"https:\/\/iefranciscomolinasanchez.edu.co\/blog\/wp-content\/uploads\/elementor\/thumbs\/Escudo_2025-r0qr6shk4mslnlso4u59soy48bnsvfjjrt3nefh7bk.jpeg\" title=\"Escudo_2025\" alt=\"Escudo_2025\" loading=\"lazy\" \/>\t\t\t\t\t\t\t\t\t\t\t\t\t\t\t<\/div>\n\t\t\t\t<\/div>\n\t\t\t\t\t<\/div>\n\t\t<\/div>\n\t\t\t\t<div class=\"elementor-column elementor-col-66 elementor-top-column elementor-element elementor-element-6f6f5fa\" data-id=\"6f6f5fa\" data-element_type=\"column\" data-e-type=\"column\">\n\t\t\t<div class=\"elementor-widget-wrap elementor-element-populated\">\n\t\t\t\t\t\t<div class=\"elementor-element elementor-element-7f136c0 elementor-widget elementor-widget-heading\" data-id=\"7f136c0\" data-element_type=\"widget\" data-e-type=\"widget\" data-widget_type=\"heading.default\">\n\t\t\t\t<div class=\"elementor-widget-container\">\n\t\t\t\t\t<h2 class=\"elementor-heading-title elementor-size-default\">Francisco Molina S\u00e1nchez<\/h2>\t\t\t\t<\/div>\n\t\t\t\t<\/div>\n\t\t\t\t<div class=\"elementor-element elementor-element-269bd0d elementor-widget elementor-widget-heading\" data-id=\"269bd0d\" data-element_type=\"widget\" data-e-type=\"widget\" data-widget_type=\"heading.default\">\n\t\t\t\t<div class=\"elementor-widget-container\">\n\t\t\t\t\t<h1 class=\"elementor-heading-title elementor-size-default\">Instituci\u00f3n Educativa<\/h1>\t\t\t\t<\/div>\n\t\t\t\t<\/div>\n\t\t\t\t\t<\/div>\n\t\t<\/div>\n\t\t\t\t\t<\/div>\n\t\t<\/section>\n\t\t\t\t<section class=\"elementor-section elementor-top-section elementor-element elementor-element-9753201 elementor-section-boxed elementor-section-height-default elementor-section-height-default\" data-id=\"9753201\" data-element_type=\"section\" data-e-type=\"section\">\n\t\t\t\t\t\t<div class=\"elementor-container elementor-column-gap-default\">\n\t\t\t\t\t<div class=\"elementor-column elementor-col-100 elementor-top-column elementor-element elementor-element-e0d2fb8\" data-id=\"e0d2fb8\" data-element_type=\"column\" data-e-type=\"column\">\n\t\t\t<div class=\"elementor-widget-wrap elementor-element-populated\">\n\t\t\t\t\t\t<div class=\"elementor-element elementor-element-fcc22db elementor-widget elementor-widget-heading\" data-id=\"fcc22db\" data-element_type=\"widget\" data-e-type=\"widget\" data-widget_type=\"heading.default\">\n\t\t\t\t<div class=\"elementor-widget-container\">\n\t\t\t\t\t<h1 class=\"elementor-heading-title elementor-size-xxl\">INSTITUCIONAL<\/h1>\t\t\t\t<\/div>\n\t\t\t\t<\/div>\n\t\t\t\t\t<\/div>\n\t\t<\/div>\n\t\t\t\t\t<\/div>\n\t\t<\/section>\n\t\t\t\t<section class=\"elementor-section elementor-top-section elementor-element elementor-element-ab95cdc elementor-section-boxed elementor-section-height-default elementor-section-height-default\" data-id=\"ab95cdc\" data-element_type=\"section\" data-e-type=\"section\">\n\t\t\t\t\t\t<div class=\"elementor-container elementor-column-gap-default\">\n\t\t\t\t\t<div class=\"elementor-column elementor-col-100 elementor-top-column elementor-element elementor-element-4d4666e\" data-id=\"4d4666e\" data-element_type=\"column\" data-e-type=\"column\">\n\t\t\t<div class=\"elementor-widget-wrap elementor-element-populated\">\n\t\t\t\t\t\t<div class=\"elementor-element elementor-element-014e13c elementor-widget elementor-widget-heading\" data-id=\"014e13c\" data-element_type=\"widget\" data-e-type=\"widget\" data-widget_type=\"heading.default\">\n\t\t\t\t<div class=\"elementor-widget-container\">\n\t\t\t\t\t<h5 class=\"elementor-heading-title elementor-size-default\">Horizonte Institucional<\/h5>\t\t\t\t<\/div>\n\t\t\t\t<\/div>\n\t\t\t\t\t<\/div>\n\t\t<\/div>\n\t\t\t\t\t<\/div>\n\t\t<\/section>\n\t\t\t\t<section class=\"elementor-section elementor-top-section elementor-element elementor-element-b6be0ad elementor-section-boxed elementor-section-height-default elementor-section-height-default\" data-id=\"b6be0ad\" data-element_type=\"section\" data-e-type=\"section\">\n\t\t\t\t\t\t<div class=\"elementor-container elementor-column-gap-default\">\n\t\t\t\t\t<div class=\"elementor-column elementor-col-100 elementor-top-column elementor-element elementor-element-6da22fc\" data-id=\"6da22fc\" data-element_type=\"column\" data-e-type=\"column\">\n\t\t\t<div class=\"elementor-widget-wrap elementor-element-populated\">\n\t\t\t\t\t\t<div class=\"elementor-element elementor-element-27a1249 elementor-tabs-view-vertical elementor-widget elementor-widget-tabs\" data-id=\"27a1249\" data-element_type=\"widget\" data-e-type=\"widget\" data-widget_type=\"tabs.default\">\n\t\t\t\t<div class=\"elementor-widget-container\">\n\t\t\t\t\t\t\t<div class=\"elementor-tabs\">\n\t\t\t<div class=\"elementor-tabs-wrapper\" role=\"tablist\" >\n\t\t\t\t\t\t\t\t\t<div id=\"elementor-tab-title-4151\" class=\"elementor-tab-title elementor-tab-desktop-title\" aria-selected=\"true\" data-tab=\"1\" role=\"tab\" tabindex=\"0\" aria-controls=\"elementor-tab-content-4151\" aria-expanded=\"false\">Misi\u00f3n<\/div>\n\t\t\t\t\t\t\t\t\t<div id=\"elementor-tab-title-4152\" class=\"elementor-tab-title elementor-tab-desktop-title\" aria-selected=\"false\" data-tab=\"2\" role=\"tab\" tabindex=\"-1\" aria-controls=\"elementor-tab-content-4152\" aria-expanded=\"false\">Visi\u00f3n<\/div>\n\t\t\t\t\t\t\t\t\t<div id=\"elementor-tab-title-4153\" class=\"elementor-tab-title elementor-tab-desktop-title\" aria-selected=\"false\" data-tab=\"3\" role=\"tab\" tabindex=\"-1\" aria-controls=\"elementor-tab-content-4153\" aria-expanded=\"false\">Objetivos<\/div>\n\t\t\t\t\t\t\t<\/div>\n\t\t\t<div class=\"elementor-tabs-content-wrapper\" role=\"tablist\" aria-orientation=\"vertical\">\n\t\t\t\t\t\t\t\t\t<div class=\"elementor-tab-title elementor-tab-mobile-title\" aria-selected=\"true\" data-tab=\"1\" role=\"tab\" tabindex=\"0\" aria-controls=\"elementor-tab-content-4151\" aria-expanded=\"false\">Misi\u00f3n<\/div>\n\t\t\t\t\t<div id=\"elementor-tab-content-4151\" class=\"elementor-tab-content elementor-clearfix\" data-tab=\"1\" role=\"tabpanel\" aria-labelledby=\"elementor-tab-title-4151\" tabindex=\"0\" hidden=\"false\"><pre><em>Formamos personas integrales y competentes para la vida.<\/em><\/pre><\/div>\n\t\t\t\t\t\t\t\t\t<div class=\"elementor-tab-title elementor-tab-mobile-title\" aria-selected=\"false\" data-tab=\"2\" role=\"tab\" tabindex=\"-1\" aria-controls=\"elementor-tab-content-4152\" aria-expanded=\"false\">Visi\u00f3n<\/div>\n\t\t\t\t\t<div id=\"elementor-tab-content-4152\" class=\"elementor-tab-content elementor-clearfix\" data-tab=\"2\" role=\"tabpanel\" aria-labelledby=\"elementor-tab-title-4152\" tabindex=\"0\" hidden=\"hidden\"><pre><em>En el a\u00f1o 2035 somos reconocidos regional y nacionalmente como una comunidad educativa innovadora, incluyente y de excelencia acad\u00e9mica, que contribuye activamente a la transformaci\u00f3n social, la equidad, la convivencia pac\u00edfica y el desarrollo sostenible.<\/em><\/pre><\/div>\n\t\t\t\t\t\t\t\t\t<div class=\"elementor-tab-title elementor-tab-mobile-title\" aria-selected=\"false\" data-tab=\"3\" role=\"tab\" tabindex=\"-1\" aria-controls=\"elementor-tab-content-4153\" aria-expanded=\"false\">Objetivos<\/div>\n\t\t\t\t\t<div id=\"elementor-tab-content-4153\" class=\"elementor-tab-content elementor-clearfix\" data-tab=\"3\" role=\"tabpanel\" aria-labelledby=\"elementor-tab-title-4153\" tabindex=\"0\" hidden=\"hidden\"><ul><li><pre><em>Lograr la formaci\u00f3n integral de los estudiantes<\/em><\/pre><\/li><li><pre><em>Propiciar pensamiento critico y creativo<\/em><\/pre><\/li><li><pre><em>Fomentar el desarrollo vocacional<\/em><\/pre><\/li><li><pre><em>Inculcar el pensamiento emprendedor<\/em><\/pre><\/li><\/ul><\/div>\n\t\t\t\t\t\t\t<\/div>\n\t\t<\/div>\n\t\t\t\t\t\t<\/div>\n\t\t\t\t<\/div>\n\t\t\t\t\t<\/div>\n\t\t<\/div>\n\t\t\t\t\t<\/div>\n\t\t<\/section>\n\t\t\t\t<section class=\"elementor-section elementor-top-section elementor-element elementor-element-9976e25 elementor-section-boxed elementor-section-height-default elementor-section-height-default\" data-id=\"9976e25\" data-element_type=\"section\" data-e-type=\"section\">\n\t\t\t\t\t\t<div class=\"elementor-container elementor-column-gap-default\">\n\t\t\t\t\t<div class=\"elementor-column elementor-col-100 elementor-top-column elementor-element elementor-element-150a11d\" data-id=\"150a11d\" data-element_type=\"column\" data-e-type=\"column\">\n\t\t\t<div class=\"elementor-widget-wrap elementor-element-populated\">\n\t\t\t\t\t\t<div class=\"elementor-element elementor-element-790757e elementor-widget elementor-widget-heading\" data-id=\"790757e\" data-element_type=\"widget\" data-e-type=\"widget\" data-widget_type=\"heading.default\">\n\t\t\t\t<div class=\"elementor-widget-container\">\n\t\t\t\t\t<h5 class=\"elementor-heading-title elementor-size-default\">S\u00edmbolos Institucionales<\/h5>\t\t\t\t<\/div>\n\t\t\t\t<\/div>\n\t\t\t\t\t<\/div>\n\t\t<\/div>\n\t\t\t\t\t<\/div>\n\t\t<\/section>\n\t\t\t\t<section class=\"elementor-section elementor-top-section elementor-element elementor-element-0130613 elementor-section-boxed elementor-section-height-default elementor-section-height-default\" data-id=\"0130613\" data-element_type=\"section\" data-e-type=\"section\">\n\t\t\t\t\t\t<div class=\"elementor-container elementor-column-gap-default\">\n\t\t\t\t\t<div class=\"elementor-column elementor-col-100 elementor-top-column elementor-element elementor-element-e2d0030\" data-id=\"e2d0030\" data-element_type=\"column\" data-e-type=\"column\">\n\t\t\t<div class=\"elementor-widget-wrap elementor-element-populated\">\n\t\t\t\t\t\t<div class=\"elementor-element elementor-element-dce7d07 elementor-tabs-view-vertical elementor-widget elementor-widget-tabs\" data-id=\"dce7d07\" data-element_type=\"widget\" data-e-type=\"widget\" data-widget_type=\"tabs.default\">\n\t\t\t\t<div class=\"elementor-widget-container\">\n\t\t\t\t\t\t\t<div class=\"elementor-tabs\">\n\t\t\t<div class=\"elementor-tabs-wrapper\" role=\"tablist\" >\n\t\t\t\t\t\t\t\t\t<div id=\"elementor-tab-title-2311\" class=\"elementor-tab-title elementor-tab-desktop-title\" aria-selected=\"true\" data-tab=\"1\" role=\"tab\" tabindex=\"0\" aria-controls=\"elementor-tab-content-2311\" aria-expanded=\"false\">Escudo<\/div>\n\t\t\t\t\t\t\t\t\t<div id=\"elementor-tab-title-2312\" class=\"elementor-tab-title elementor-tab-desktop-title\" aria-selected=\"false\" data-tab=\"2\" role=\"tab\" tabindex=\"-1\" aria-controls=\"elementor-tab-content-2312\" aria-expanded=\"false\">Bandera<\/div>\n\t\t\t\t\t\t\t\t\t<div id=\"elementor-tab-title-2313\" class=\"elementor-tab-title elementor-tab-desktop-title\" aria-selected=\"false\" data-tab=\"3\" role=\"tab\" tabindex=\"-1\" aria-controls=\"elementor-tab-content-2313\" aria-expanded=\"false\">Himno<\/div>\n\t\t\t\t\t\t\t<\/div>\n\t\t\t<div class=\"elementor-tabs-content-wrapper\" role=\"tablist\" aria-orientation=\"vertical\">\n\t\t\t\t\t\t\t\t\t<div class=\"elementor-tab-title elementor-tab-mobile-title\" aria-selected=\"true\" data-tab=\"1\" role=\"tab\" tabindex=\"0\" aria-controls=\"elementor-tab-content-2311\" aria-expanded=\"false\">Escudo<\/div>\n\t\t\t\t\t<div id=\"elementor-tab-content-2311\" class=\"elementor-tab-content elementor-clearfix\" data-tab=\"1\" role=\"tabpanel\" aria-labelledby=\"elementor-tab-title-2311\" tabindex=\"0\" hidden=\"false\"><pre>Contiene\u00a0<img fetchpriority=\"high\" decoding=\"async\" class=\"alignnone wp-image-460 size-medium alignright\" src=\"https:\/\/iefranciscomolinasanchez.edu.co\/blog\/wp-content\/uploads\/2025\/01\/Escudo_2025-226x300.jpeg\" alt=\"\" width=\"226\" height=\"300\" srcset=\"https:\/\/iefranciscomolinasanchez.edu.co\/blog\/wp-content\/uploads\/2025\/01\/Escudo_2025-226x300.jpeg 226w, https:\/\/iefranciscomolinasanchez.edu.co\/blog\/wp-content\/uploads\/2025\/01\/Escudo_2025.jpeg 579w\" sizes=\"(max-width: 226px) 100vw, 226px\" \/>4 mensajes simb\u00f3licos:<br \/><b>I.<\/b> Dos manos entrelazadas que hacen alusi\u00f3n al sentido de amistad y de solidaridad que impera en la comunidad de la instituci\u00f3n.<br \/><b>II.<\/b> Un libro abierto que invita a estudiantes y docentes a adquirir el h\u00e1bito de lectura y el estudio que simboliza la academia que debe orientar el accionar de estudiantes y educadores de la instituci\u00f3n.<br \/><b>III.<\/b> Un pergamino enrollado atado con un lazo puntualizando la necesidad de culminar y alcanzar el \u00e9xito en los proyectos que se inicien.<br \/><b>IV.<\/b> La Sierra Nevada, el r\u00edo Guatapur\u00ed y la vegetaci\u00f3n que en ellos crece, como un homenaje a la naturaleza y los paisajes vallenatos simbolizando el arraigo a la tierra.<\/pre><\/div>\n\t\t\t\t\t\t\t\t\t<div class=\"elementor-tab-title elementor-tab-mobile-title\" aria-selected=\"false\" data-tab=\"2\" role=\"tab\" tabindex=\"-1\" aria-controls=\"elementor-tab-content-2312\" aria-expanded=\"false\">Bandera<\/div>\n\t\t\t\t\t<div id=\"elementor-tab-content-2312\" class=\"elementor-tab-content elementor-clearfix\" data-tab=\"2\" role=\"tabpanel\" aria-labelledby=\"elementor-tab-title-2312\" tabindex=\"0\" hidden=\"hidden\"><div style=\"width: 662px;\" class=\"wp-video\"><video class=\"wp-video-shortcode\" id=\"video-519-1\" width=\"662\" height=\"538\" loop autoplay preload=\"metadata\" controls=\"controls\"><source type=\"video\/mp4\" src=\"https:\/\/iefranciscomolinasanchez.edu.co\/blog\/wp-content\/uploads\/2025\/06\/bandera.mp4?_=1\" \/><a href=\"https:\/\/iefranciscomolinasanchez.edu.co\/blog\/wp-content\/uploads\/2025\/06\/bandera.mp4\">https:\/\/iefranciscomolinasanchez.edu.co\/blog\/wp-content\/uploads\/2025\/06\/bandera.mp4<\/a><\/video><\/div><pre>S\u00edmbolo representativo de la instituci\u00f3n, colores que simbolizan:<\/pre><p><strong>+Aprendizaje:<\/strong> El <strong>azul<\/strong> se asocia com\u00fanmente con el cielo y el mar, simbolizando la inmensidad del conocimiento y la exploraci\u00f3n.<br \/><strong>+Tranquilidad:<\/strong> El <strong>azu<\/strong>l representa un ambiente de calma y serenidad, ideal para la concentraci\u00f3n y el estudio. <strong>+Comunicaci\u00f3n:<\/strong> El <strong>azul<\/strong> tambi\u00e9n se vincula con la comunicaci\u00f3n y la expresi\u00f3n, fomentando la interacci\u00f3n entre estudiantes y profesores.<\/p><p><strong>+Energ\u00eda:<\/strong> El <strong>rojo<\/strong> es un color vibrante que evoca pasi\u00f3n, entusiasmo y energ\u00eda. Representa la vitalidad y el dinamismo de la comunidad educativa.<br \/><strong>+Creatividad:<\/strong> El <strong>rojo<\/strong> estimula la creatividad y la imaginaci\u00f3n, cualidades esenciales para el desarrollo integral de los estudiantes.<br \/><strong>+Valor:<\/strong> El <strong>rojo<\/strong> simboliza el valor, la valent\u00eda y la determinaci\u00f3n para alcanzar metas.<\/p><p><strong>+Pureza:<\/strong> El <strong>blanco<\/strong> representa la pureza, la inocencia y un nuevo comienzo. Es un s\u00edmbolo de esperanza y optimismo.<br \/><strong>+Paz:<\/strong> El <strong>blanco<\/strong> se asocia con la paz y la armon\u00eda, fomentando un ambiente de respeto y tolerancia.<br \/><strong>+Unidad:<\/strong> El <strong>blanco<\/strong> representa la uni\u00f3n de toda la comunidad educativa, desde los m\u00e1s peque\u00f1os hasta los m\u00e1s grandes.<\/p><p><strong>+Crecimiento:<\/strong> El <strong>verde<\/strong> simboliza el crecimiento, la naturaleza y la renovaci\u00f3n. Representa el desarrollo personal y acad\u00e9mico de los estudiantes.<br \/><strong>+Esperanza:<\/strong> El <strong>verde<\/strong> evoca sentimientos de esperanza y optimismo hacia el futuro.<br \/><strong>+Equilibrio:<\/strong> El <strong>verde<\/strong> Representa el equilibrio entre el intelecto y las emociones, fomentando un desarrollo integral.<\/p><p><strong>La franja diagonal blanca y los bordes verdes:<\/strong><br \/>La franja diagonal blanca representa un camino hacia el conocimiento, con los bordes verdes simbolizando el crecimiento y el desarrollo a lo largo de este camino.<\/p><\/div>\n\t\t\t\t\t\t\t\t\t<div class=\"elementor-tab-title elementor-tab-mobile-title\" aria-selected=\"false\" data-tab=\"3\" role=\"tab\" tabindex=\"-1\" aria-controls=\"elementor-tab-content-2313\" aria-expanded=\"false\">Himno<\/div>\n\t\t\t\t\t<div id=\"elementor-tab-content-2313\" class=\"elementor-tab-content elementor-clearfix\" data-tab=\"3\" role=\"tabpanel\" aria-labelledby=\"elementor-tab-title-2313\" tabindex=\"0\" hidden=\"hidden\"><iframe width=\"560\" height=\"315\" src=\"https:\/\/www.youtube.com\/embed\/mE5RcEz_HSk\" title=\"YouTube video player\" frameborder=\"0\" allow=\"accelerometer; autoplay; clipboard-write; encrypted-media; gyroscope; picture-in-picture; web-share\" allowfullscreen><\/iframe><\/div>\n\t\t\t\t\t\t\t<\/div>\n\t\t<\/div>\n\t\t\t\t\t\t<\/div>\n\t\t\t\t<\/div>\n\t\t\t\t\t<\/div>\n\t\t<\/div>\n\t\t\t\t\t<\/div>\n\t\t<\/section>\n\t\t\t\t<section class=\"elementor-section elementor-top-section elementor-element elementor-element-8b0fa22 elementor-section-boxed elementor-section-height-default elementor-section-height-default\" data-id=\"8b0fa22\" data-element_type=\"section\" data-e-type=\"section\">\n\t\t\t\t\t\t<div class=\"elementor-container elementor-column-gap-default\">\n\t\t\t\t\t<div class=\"elementor-column elementor-col-100 elementor-top-column elementor-element elementor-element-003a77a\" data-id=\"003a77a\" data-element_type=\"column\" data-e-type=\"column\">\n\t\t\t<div class=\"elementor-widget-wrap elementor-element-populated\">\n\t\t\t\t\t\t<div class=\"elementor-element elementor-element-1cca7f2 elementor-widget elementor-widget-heading\" data-id=\"1cca7f2\" data-element_type=\"widget\" data-e-type=\"widget\" data-widget_type=\"heading.default\">\n\t\t\t\t<div class=\"elementor-widget-container\">\n\t\t\t\t\t<h5 class=\"elementor-heading-title elementor-size-default\">Documentos Institucionales<\/h5>\t\t\t\t<\/div>\n\t\t\t\t<\/div>\n\t\t\t\t\t<\/div>\n\t\t<\/div>\n\t\t\t\t\t<\/div>\n\t\t<\/section>\n\t\t\t\t<section class=\"elementor-section elementor-top-section elementor-element elementor-element-23e8c54 elementor-section-boxed elementor-section-height-default elementor-section-height-default\" data-id=\"23e8c54\" data-element_type=\"section\" data-e-type=\"section\">\n\t\t\t\t\t\t<div class=\"elementor-container elementor-column-gap-default\">\n\t\t\t\t\t<div class=\"elementor-column elementor-col-100 elementor-top-column elementor-element elementor-element-9a6ade4\" data-id=\"9a6ade4\" data-element_type=\"column\" data-e-type=\"column\">\n\t\t\t<div class=\"elementor-widget-wrap elementor-element-populated\">\n\t\t\t\t\t\t<div class=\"elementor-element elementor-element-9e6a584 elementor-tabs-view-vertical elementor-widget elementor-widget-tabs\" data-id=\"9e6a584\" data-element_type=\"widget\" data-e-type=\"widget\" data-widget_type=\"tabs.default\">\n\t\t\t\t<div class=\"elementor-widget-container\">\n\t\t\t\t\t\t\t<div class=\"elementor-tabs\">\n\t\t\t<div class=\"elementor-tabs-wrapper\" role=\"tablist\" >\n\t\t\t\t\t\t\t\t\t<div id=\"elementor-tab-title-1661\" class=\"elementor-tab-title elementor-tab-desktop-title\" aria-selected=\"true\" data-tab=\"1\" role=\"tab\" tabindex=\"0\" aria-controls=\"elementor-tab-content-1661\" aria-expanded=\"false\">Proyecto Educativo<\/div>\n\t\t\t\t\t\t\t\t\t<div id=\"elementor-tab-title-1662\" class=\"elementor-tab-title elementor-tab-desktop-title\" aria-selected=\"false\" data-tab=\"2\" role=\"tab\" tabindex=\"-1\" aria-controls=\"elementor-tab-content-1662\" aria-expanded=\"false\">Manual de Convivencia<\/div>\n\t\t\t\t\t\t\t\t\t<div id=\"elementor-tab-title-1663\" class=\"elementor-tab-title elementor-tab-desktop-title\" aria-selected=\"false\" data-tab=\"3\" role=\"tab\" tabindex=\"-1\" aria-controls=\"elementor-tab-content-1663\" aria-expanded=\"false\">Sistema de Evaluaci\u00f3n<\/div>\n\t\t\t\t\t\t\t<\/div>\n\t\t\t<div class=\"elementor-tabs-content-wrapper\" role=\"tablist\" aria-orientation=\"vertical\">\n\t\t\t\t\t\t\t\t\t<div class=\"elementor-tab-title elementor-tab-mobile-title\" aria-selected=\"true\" data-tab=\"1\" role=\"tab\" tabindex=\"0\" aria-controls=\"elementor-tab-content-1661\" aria-expanded=\"false\">Proyecto Educativo<\/div>\n\t\t\t\t\t<div id=\"elementor-tab-content-1661\" class=\"elementor-tab-content elementor-clearfix\" data-tab=\"1\" role=\"tabpanel\" aria-labelledby=\"elementor-tab-title-1661\" tabindex=\"0\" hidden=\"false\"><pre><strong>Proyecto Educativo Institucional<\/strong><br \/><em>Es el derrotero de la instituci\u00f3n, responde a las necesidades de la comunidad\u2026<\/em><\/pre><p>\u00a0<\/p><pre><a href=\"https:\/\/docs.google.com\/document\/d\/1SFhk_nkpp80dPUMo2CX75-mtr8zOPqkK\/edit?usp=sharing&amp;ouid=116554254849189012807&amp;rtpof=true&amp;sd=true\" target=\"_blank\" rel=\"noopener\">[Abrir]<\/a><\/pre><\/div>\n\t\t\t\t\t\t\t\t\t<div class=\"elementor-tab-title elementor-tab-mobile-title\" aria-selected=\"false\" data-tab=\"2\" role=\"tab\" tabindex=\"-1\" aria-controls=\"elementor-tab-content-1662\" aria-expanded=\"false\">Manual de Convivencia<\/div>\n\t\t\t\t\t<div id=\"elementor-tab-content-1662\" class=\"elementor-tab-content elementor-clearfix\" data-tab=\"2\" role=\"tabpanel\" aria-labelledby=\"elementor-tab-title-1662\" tabindex=\"0\" hidden=\"hidden\"><pre><strong>Manual de Convivencia<\/strong><br \/><em>Contiene los derechos y deberes de estudiantes, normas para una sana convivencia.<\/em><\/pre><p>\u00a0<\/p><pre><a href=\"https:\/\/docs.google.com\/document\/d\/1XZX-DUMUrryAQYGabpO8YMpXRwiXiC0s\/edit?usp=sharing&amp;ouid=116554254849189012807&amp;rtpof=true&amp;sd=true\" target=\"_blank\" rel=\"noopener\">[Abrir]<\/a><\/pre><\/div>\n\t\t\t\t\t\t\t\t\t<div class=\"elementor-tab-title elementor-tab-mobile-title\" aria-selected=\"false\" data-tab=\"3\" role=\"tab\" tabindex=\"-1\" aria-controls=\"elementor-tab-content-1663\" aria-expanded=\"false\">Sistema de Evaluaci\u00f3n<\/div>\n\t\t\t\t\t<div id=\"elementor-tab-content-1663\" class=\"elementor-tab-content elementor-clearfix\" data-tab=\"3\" role=\"tabpanel\" aria-labelledby=\"elementor-tab-title-1663\" tabindex=\"0\" hidden=\"hidden\"><pre><strong>Sistema Institucional de Evaluaci\u00f3n<\/strong><br \/><em>Estipula Qu\u00e9, C\u00f3mo y Para qu\u00e9 se eval\u00faa, regulando el proceso de evaluaci\u00f3n\u2026<\/em><\/pre><p>\u00a0<\/p><pre><a href=\"https:\/\/docs.google.com\/document\/d\/1OnaAB2w6bVwNd21-8povKZUj5ZLWfY0T\/edit?usp=sharing&amp;ouid=116554254849189012807&amp;rtpof=true&amp;sd=true\" target=\"_blank\" rel=\"noopener\">[Abrir]<\/a><\/pre><\/div>\n\t\t\t\t\t\t\t<\/div>\n\t\t<\/div>\n\t\t\t\t\t\t<\/div>\n\t\t\t\t<\/div>\n\t\t\t\t\t<\/div>\n\t\t<\/div>\n\t\t\t\t\t<\/div>\n\t\t<\/section>\n\t\t\t\t<\/div>\n\t\t","protected":false},"excerpt":{"rendered":"<p>Francisco Molina S\u00e1nchez Instituci\u00f3n Educativa INSTITUCIONAL Horizonte Institucional Misi\u00f3n Visi\u00f3n Objetivos Misi\u00f3n Formamos personas integrales y competentes para la vida. Visi\u00f3n En el a\u00f1o 2035 somos reconocidos regional y nacionalmente como una comunidad educativa innovadora, incluyente y de excelencia acad\u00e9mica, que contribuye activamente a la transformaci\u00f3n social, la equidad, la convivencia pac\u00edfica y el desarrollo [&hellip;]<\/p>\n","protected":false},"author":1,"featured_media":0,"parent":0,"menu_order":0,"comment_status":"closed","ping_status":"closed","template":"elementor_canvas","meta":{"footnotes":""},"class_list":["post-519","page","type-page","status-publish","hentry"],"_links":{"self":[{"href":"https:\/\/iefranciscomolinasanchez.edu.co\/blog\/wp-json\/wp\/v2\/pages\/519","targetHints":{"allow":["GET"]}}],"collection":[{"href":"https:\/\/iefranciscomolinasanchez.edu.co\/blog\/wp-json\/wp\/v2\/pages"}],"about":[{"href":"https:\/\/iefranciscomolinasanchez.edu.co\/blog\/wp-json\/wp\/v2\/types\/page"}],"author":[{"embeddable":true,"href":"https:\/\/iefranciscomolinasanchez.edu.co\/blog\/wp-json\/wp\/v2\/users\/1"}],"replies":[{"embeddable":true,"href":"https:\/\/iefranciscomolinasanchez.edu.co\/blog\/wp-json\/wp\/v2\/comments?post=519"}],"version-history":[{"count":1,"href":"https:\/\/iefranciscomolinasanchez.edu.co\/blog\/wp-json\/wp\/v2\/pages\/519\/revisions"}],"predecessor-version":[{"id":521,"href":"https:\/\/iefranciscomolinasanchez.edu.co\/blog\/wp-json\/wp\/v2\/pages\/519\/revisions\/521"}],"wp:attachment":[{"href":"https:\/\/iefranciscomolinasanchez.edu.co\/blog\/wp-json\/wp\/v2\/media?parent=519"}],"curies":[{"name":"wp","href":"https:\/\/api.w.org\/{rel}","templated":true}]}}